{"id":849,"date":"2022-11-06T15:43:12","date_gmt":"2022-11-06T14:43:12","guid":{"rendered":"https:\/\/gruene-neuhofen.de\/?page_id=849"},"modified":"2025-06-05T10:15:48","modified_gmt":"2025-06-05T08:15:48","slug":"ewald-bickelmann-frey-beisitzer","status":"publish","type":"page","link":"https:\/\/gruene-neuhofen.de\/?page_id=849","title":{"rendered":"J\u00fcrgen Fink &#8211; Vorstandssprecher"},"content":{"rendered":"\n<div class=\"wp-block-columns is-layout-flex wp-container-core-columns-layout-1 wp-block-columns-is-layout-flex\">\n<div class=\"wp-block-column is-layout-flow wp-block-column-is-layout-flow\">\n<figure class=\"wp-block-image size-large is-style-rounded\"><img loading=\"lazy\" decoding=\"async\" width=\"800\" height=\"749\" src=\"https:\/\/gruene-neuhofen.de\/wp-content\/uploads\/2022\/11\/Gru\u0308ne-HP-800x749.jpg\" alt=\"\" class=\"wp-image-858\" srcset=\"https:\/\/gruene-neuhofen.de\/wp-content\/uploads\/2022\/11\/Gru\u0308ne-HP-800x749.jpg 800w, https:\/\/gruene-neuhofen.de\/wp-content\/uploads\/2022\/11\/Gru\u0308ne-HP-400x375.jpg 400w, https:\/\/gruene-neuhofen.de\/wp-content\/uploads\/2022\/11\/Gru\u0308ne-HP-768x719.jpg 768w, https:\/\/gruene-neuhofen.de\/wp-content\/uploads\/2022\/11\/Gru\u0308ne-HP-1536x1438.jpg 1536w, https:\/\/gruene-neuhofen.de\/wp-content\/uploads\/2022\/11\/Gru\u0308ne-HP-2048x1918.jpg 2048w\" sizes=\"(max-width: 800px) 100vw, 800px\" \/><\/figure>\n<\/div>\n\n\n\n<div class=\"wp-block-column is-layout-flow wp-block-column-is-layout-flow\">\n<ul>\n<li>J\u00fcrgen Fink, 1958 in Maikammer geboren<\/li>\n\n\n\n<li>verheiratet, zwei erwachsene Kinder<\/li>\n\n\n\n<li>Ich bin Informatiker in Rente.<\/li>\n\n\n\n<li>seit 2015 helfe ich ehrenamtlich in der Fahrradwerkstatt in Waldsee.<\/li>\n<\/ul>\n\n\n\n<div style=\"height:25px\" aria-hidden=\"true\" class=\"wp-block-spacer\"><\/div>\n\n\n\n<h2 class=\"wp-block-heading has-black-color has-text-color has-link-color has-medium-font-size wp-elements-b990cf0fc3c11febc7c747ccdcf3dfc7\">Mitglied in folgenden Aussch\u00fcssen:<\/h2>\n\n\n\n<ul>\n<li>stellvertretendes Mitglied im Ausschuss f\u00fcr Jugend, Sport, Schule und Kultur<\/li>\n<\/ul>\n<\/div>\n<\/div>\n\n\n\n<hr class=\"wp-block-separator has-css-opacity\"\/>\n\n\n\n<h2 class=\"wp-block-heading\" id=\"block-b8a8f8cd-b81a-4652-82a4-e40423d982fd\">Wof\u00fcr stehe ich?<\/h2>\n\n\n\n<p>Beim Bergsport sehe ich die dramatischen Auswirkungen des Klimawandels. Wir m\u00fcssen umdenken. In Sachen Mobilit\u00e4t gibt es tolle L\u00f6sungsans\u00e4tze in St\u00e4dten wie M\u00fcnster oder auch Kopenhagen. Klar, wir k\u00f6nnen nicht alles umsetzen, aber es ist ein Ansporn.<\/p>\n\n\n\n<p>Neuhofen ist ein lebenswertes Dorf an der Schwelle zur Kleinstadt, eingebunden in das Industriegebiet Rhein-Neckar-Dreieck. Alles ist hier in n\u00e4chster Umgebung vorhanden und mit dem Fahrrad erreichbar. Erhalten wir den d\u00f6rflichen Charakter. Mit gr\u00fcner Leichtigkeit und gr\u00fcnen Ideen wird es hier noch lebenswerter.<\/p>\n\n\n\n<h2 class=\"wp-block-heading\" id=\"block-1f7a1764-88bb-4caf-97f4-51bed7676780\"><strong>Meine Ziele<\/strong><\/h2>\n\n\n\n<ul>\n<li>gute Fahrradinfrastruktur, Reduzierung des Autoverkehrs<\/li>\n\n\n\n<li>F\u00f6rderung der erneuerbaren Energien<\/li>\n\n\n\n<li>Neuhofen wird gr\u00fcner<\/li>\n<\/ul>\n\n\n\n<hr class=\"wp-block-separator has-css-opacity\"\/>\n\n\n\n<h4 class=\"wp-block-heading\" id=\"block-f9d5210b-020f-4ebc-b3ea-68ff18849c68\">Kontakt<\/h4>\n\n\n\n<p id=\"block-bab397b1-7b0d-4f9b-b53f-334221377321\"><a href=\"jfink@gruene-neuhofen.de\">jfink@gruene-neuhofen.de\u00a0<\/a><\/p>\n\n\n\n<p id=\"block-6188ece3-2d26-4da8-9445-e02b4ea4017c\"><a href=\"#\" data-unscramble=\"ed.plr-eneurg@nefohuen-vo\">ov-neuhofen@gruene-rlp.de<\/a><\/p>\n","protected":false},"excerpt":{"rendered":"<p>Mitglied in folgenden Aussch\u00fcssen: Wof\u00fcr stehe ich? Beim Bergsport sehe ich die dramatischen Auswirkungen des Klimawandels. Wir m\u00fcssen umdenken. In Sachen Mobilit\u00e4t gibt es tolle L\u00f6sungsans\u00e4tze in St\u00e4dten wie M\u00fcnster\u2026<\/p>\n","protected":false},"author":2,"featured_media":0,"parent":31,"menu_order":0,"comment_status":"closed","ping_status":"closed","template":"","meta":{"footnotes":""},"_links":{"self":[{"href":"https:\/\/gruene-neuhofen.de\/index.php?rest_route=\/wp\/v2\/pages\/849"}],"collection":[{"href":"https:\/\/gruene-neuhofen.de\/index.php?rest_route=\/wp\/v2\/pages"}],"about":[{"href":"https:\/\/gruene-neuhofen.de\/index.php?rest_route=\/wp\/v2\/types\/page"}],"author":[{"embeddable":true,"href":"https:\/\/gruene-neuhofen.de\/index.php?rest_route=\/wp\/v2\/users\/2"}],"replies":[{"embeddable":true,"href":"https:\/\/gruene-neuhofen.de\/index.php?rest_route=%2Fwp%2Fv2%2Fcomments&post=849"}],"version-history":[{"count":7,"href":"https:\/\/gruene-neuhofen.de\/index.php?rest_route=\/wp\/v2\/pages\/849\/revisions"}],"predecessor-version":[{"id":1821,"href":"https:\/\/gruene-neuhofen.de\/index.php?rest_route=\/wp\/v2\/pages\/849\/revisions\/1821"}],"up":[{"embeddable":true,"href":"https:\/\/gruene-neuhofen.de\/index.php?rest_route=\/wp\/v2\/pages\/31"}],"wp:attachment":[{"href":"https:\/\/gruene-neuhofen.de\/index.php?rest_route=%2Fwp%2Fv2%2Fmedia&parent=849"}],"curies":[{"name":"wp","href":"https:\/\/api.w.org\/{rel}","templated":true}]}}