{"id":8,"date":"2020-11-10T19:13:27","date_gmt":"2020-11-10T19:13:27","guid":{"rendered":"http:\/\/gruene-neuhofen.de\/?page_id=8"},"modified":"2024-02-26T19:57:19","modified_gmt":"2024-02-26T18:57:19","slug":"klimaschutz-in-neuhofen","status":"publish","type":"page","link":"https:\/\/gruene-neuhofen.de\/?page_id=8","title":{"rendered":"Schutz der Lebensqualit\u00e4t durch Klimaschutz"},"content":{"rendered":"\n<p>F\u00fcr B\u00dcNDNIS 90\/DIE GR\u00dcNEN ist die Reduzierung des Energieverbrauchs ein wesentlicher Baustein. Ein<br>weiterer Baustein ist saubere, GR\u00dcNE Energie, nachhaltige Mobilit\u00e4t, energetische<br>Geb\u00e4udesanierung und Angebote aus regionaler, \u00f6kologischer Landwirtschaft. Die Energiewende<br>muss \u00f6konomische und \u00f6kologische Aspekte sorgf\u00e4ltig abw\u00e4gen. <strong>Klima- und Artenschutz m\u00fcssen<br>Hand in Hand gehen, um die Lebensqualit\u00e4t heute und morgen zu erhalten.<\/strong><\/p>\n\n\n\n<p><strong>Wir setzen uns ein:<\/strong><\/p>\n\n\n\n<ul>\n<li>die gezielte und schnelle <strong>Umsetzung des Klimaschutzkonzeptes<\/strong> der VG Rheinauen<\/li>\n\n\n\n<li>die F\u00f6rderung der <strong>\u201eb\u00fcrgerINenergie eG (bINe)\u201c<\/strong> als genossenschaftlichen, kommunalen Energiewende-Partner<\/li>\n\n\n\n<li>die <strong>Nutzung geeigneter Fl\u00e4chen f\u00fcr Photovoltaik<\/strong> auf gemeindeeigenen Geb\u00e4uden und Parkpl\u00e4tzen<\/li>\n\n\n\n<li>mehr <strong>Beratungsangebote und eine Solaroffensive f\u00fcr die B\u00fcrger*innen in Neuhofen,<\/strong> um den Umstieg auf eine alternative Energieversorgung zu erleichtern<\/li>\n\n\n\n<li>eine weitere <strong>inner\u00f6rtliche Begr\u00fcnung<\/strong> zur Verbesserung des Klimas im Ort, um den Folgen des Klimawandels zu begegnen.<\/li>\n<\/ul>\n\n\n\n<p><strong>Wenn Sie Fragen oder Anregungen haben wenden Sie sich gerne an uns. <\/strong><\/p>\n","protected":false},"excerpt":{"rendered":"<p>F\u00fcr B\u00dcNDNIS 90\/DIE GR\u00dcNEN ist die Reduzierung des Energieverbrauchs ein wesentlicher Baustein. Einweiterer Baustein ist saubere, GR\u00dcNE Energie, nachhaltige Mobilit\u00e4t, energetischeGeb\u00e4udesanierung und Angebote aus regionaler, \u00f6kologischer Landwirtschaft. Die Energiewendemuss \u00f6konomische\u2026<\/p>\n","protected":false},"author":1,"featured_media":707,"parent":33,"menu_order":0,"comment_status":"closed","ping_status":"closed","template":"","meta":{"footnotes":""},"_links":{"self":[{"href":"https:\/\/gruene-neuhofen.de\/index.php?rest_route=\/wp\/v2\/pages\/8"}],"collection":[{"href":"https:\/\/gruene-neuhofen.de\/index.php?rest_route=\/wp\/v2\/pages"}],"about":[{"href":"https:\/\/gruene-neuhofen.de\/index.php?rest_route=\/wp\/v2\/types\/page"}],"author":[{"embeddable":true,"href":"https:\/\/gruene-neuhofen.de\/index.php?rest_route=\/wp\/v2\/users\/1"}],"replies":[{"embeddable":true,"href":"https:\/\/gruene-neuhofen.de\/index.php?rest_route=%2Fwp%2Fv2%2Fcomments&post=8"}],"version-history":[{"count":9,"href":"https:\/\/gruene-neuhofen.de\/index.php?rest_route=\/wp\/v2\/pages\/8\/revisions"}],"predecessor-version":[{"id":1130,"href":"https:\/\/gruene-neuhofen.de\/index.php?rest_route=\/wp\/v2\/pages\/8\/revisions\/1130"}],"up":[{"embeddable":true,"href":"https:\/\/gruene-neuhofen.de\/index.php?rest_route=\/wp\/v2\/pages\/33"}],"wp:featuredmedia":[{"embeddable":true,"href":"https:\/\/gruene-neuhofen.de\/index.php?rest_route=\/wp\/v2\/media\/707"}],"wp:attachment":[{"href":"https:\/\/gruene-neuhofen.de\/index.php?rest_route=%2Fwp%2Fv2%2Fmedia&parent=8"}],"curies":[{"name":"wp","href":"https:\/\/api.w.org\/{rel}","templated":true}]}}