{"id":33,"date":"2020-11-10T19:55:48","date_gmt":"2020-11-10T19:55:48","guid":{"rendered":"http:\/\/gruene-neuhofen.de\/?page_id=33"},"modified":"2024-08-04T06:51:55","modified_gmt":"2024-08-04T04:51:55","slug":"wofuer-wir-uns-einsetzen","status":"publish","type":"page","link":"https:\/\/gruene-neuhofen.de\/?page_id=33","title":{"rendered":"Wof\u00fcr wir uns einsetzen"},"content":{"rendered":"\n<p>Unsere Positionen und Forderungen zu vielf\u00e4ltigen politischen Themen findest Du hier im \u00dcberblick.<\/p>\n\n\n\n<h2 class=\"wp-block-heading\"><strong>Gr\u00fcne Themen f\u00fcr Neuhofen:<\/strong><\/h2>\n\n\n\n<div style=\"height:40px\" aria-hidden=\"true\" class=\"wp-block-spacer\"><\/div>\n\n\n\n<div class=\"wp-block-columns is-layout-flex wp-container-core-columns-layout-1 wp-block-columns-is-layout-flex\">\n<div class=\"wp-block-column is-layout-flow wp-block-column-is-layout-flow\">\n<figure class=\"wp-block-image size-large is-style-rounded\"><img loading=\"lazy\" decoding=\"async\" width=\"800\" height=\"451\" src=\"https:\/\/gruene-neuhofen.de\/wp-content\/uploads\/2022\/03\/Klimaschutz-800x451.png\" alt=\"\" class=\"wp-image-707\" srcset=\"https:\/\/gruene-neuhofen.de\/wp-content\/uploads\/2022\/03\/Klimaschutz-800x451.png 800w, https:\/\/gruene-neuhofen.de\/wp-content\/uploads\/2022\/03\/Klimaschutz-400x225.png 400w, https:\/\/gruene-neuhofen.de\/wp-content\/uploads\/2022\/03\/Klimaschutz-768x433.png 768w, https:\/\/gruene-neuhofen.de\/wp-content\/uploads\/2022\/03\/Klimaschutz-1536x865.png 1536w, https:\/\/gruene-neuhofen.de\/wp-content\/uploads\/2022\/03\/Klimaschutz.png 1640w\" sizes=\"(max-width: 800px) 100vw, 800px\" \/><\/figure>\n\n\n\n<div style=\"height:20px\" aria-hidden=\"true\" class=\"wp-block-spacer\"><\/div>\n\n\n\n<div class=\"wp-block-buttons is-content-justification-center is-layout-flex wp-container-core-buttons-layout-1 wp-block-buttons-is-layout-flex\">\n<div class=\"wp-block-button\"><a class=\"wp-block-button__link has-white-color has-green-background-color has-text-color has-background wp-element-button\" href=\"http:\/\/gruene-neuhofen.de\/?page_id=8\" style=\"border-radius:50px\">Klimaschutz<\/a><\/div>\n<\/div>\n<\/div>\n\n\n\n<div class=\"wp-block-column is-layout-flow wp-block-column-is-layout-flow\">\n<figure class=\"wp-block-image size-large is-style-rounded\"><img loading=\"lazy\" decoding=\"async\" width=\"800\" height=\"451\" src=\"https:\/\/gruene-neuhofen.de\/wp-content\/uploads\/2022\/03\/O\u0308konomie-800x451.png\" alt=\"\" class=\"wp-image-710\" srcset=\"https:\/\/gruene-neuhofen.de\/wp-content\/uploads\/2022\/03\/O\u0308konomie-800x451.png 800w, https:\/\/gruene-neuhofen.de\/wp-content\/uploads\/2022\/03\/O\u0308konomie-400x225.png 400w, https:\/\/gruene-neuhofen.de\/wp-content\/uploads\/2022\/03\/O\u0308konomie-768x433.png 768w, https:\/\/gruene-neuhofen.de\/wp-content\/uploads\/2022\/03\/O\u0308konomie-1536x865.png 1536w, https:\/\/gruene-neuhofen.de\/wp-content\/uploads\/2022\/03\/O\u0308konomie.png 1640w\" sizes=\"(max-width: 800px) 100vw, 800px\" \/><\/figure>\n\n\n\n<div style=\"height:20px\" aria-hidden=\"true\" class=\"wp-block-spacer\"><\/div>\n\n\n\n<div class=\"wp-block-buttons is-content-justification-center is-layout-flex wp-container-core-buttons-layout-2 wp-block-buttons-is-layout-flex\">\n<div class=\"wp-block-button\"><a class=\"wp-block-button__link has-white-color has-green-background-color has-text-color has-background wp-element-button\" href=\"http:\/\/gruene-neuhofen.de\/?page_id=19\" style=\"border-radius:50px\">\u00d6konomie<\/a><\/div>\n<\/div>\n<\/div>\n\n\n\n<div class=\"wp-block-column is-layout-flow wp-block-column-is-layout-flow\">\n<figure class=\"wp-block-image size-large is-style-rounded\"><img loading=\"lazy\" decoding=\"async\" width=\"800\" height=\"451\" src=\"https:\/\/gruene-neuhofen.de\/wp-content\/uploads\/2022\/03\/Mobilita\u0308t-800x451.png\" alt=\"\" class=\"wp-image-708\" srcset=\"https:\/\/gruene-neuhofen.de\/wp-content\/uploads\/2022\/03\/Mobilita\u0308t-800x451.png 800w, https:\/\/gruene-neuhofen.de\/wp-content\/uploads\/2022\/03\/Mobilita\u0308t-400x225.png 400w, https:\/\/gruene-neuhofen.de\/wp-content\/uploads\/2022\/03\/Mobilita\u0308t-768x433.png 768w, https:\/\/gruene-neuhofen.de\/wp-content\/uploads\/2022\/03\/Mobilita\u0308t-1536x865.png 1536w, https:\/\/gruene-neuhofen.de\/wp-content\/uploads\/2022\/03\/Mobilita\u0308t.png 1640w\" sizes=\"(max-width: 800px) 100vw, 800px\" \/><\/figure>\n\n\n\n<div style=\"height:20px\" aria-hidden=\"true\" class=\"wp-block-spacer\"><\/div>\n\n\n\n<div class=\"wp-block-buttons is-content-justification-center is-layout-flex wp-container-core-buttons-layout-3 wp-block-buttons-is-layout-flex\">\n<div class=\"wp-block-button\"><a class=\"wp-block-button__link has-white-color has-green-background-color has-text-color has-background wp-element-button\" href=\"https:\/\/gruene-neuhofen.de\/?page_id=26\" style=\"border-radius:50px\">Mobilit\u00e4t<\/a><\/div>\n<\/div>\n<\/div>\n<\/div>\n\n\n\n<div class=\"wp-block-columns is-layout-flex wp-container-core-columns-layout-2 wp-block-columns-is-layout-flex\">\n<div class=\"wp-block-column is-layout-flow wp-block-column-is-layout-flow\">\n<div style=\"height:20px\" aria-hidden=\"true\" class=\"wp-block-spacer\"><\/div>\n\n\n\n<figure class=\"wp-block-image size-large is-style-rounded\"><img loading=\"lazy\" decoding=\"async\" width=\"800\" height=\"451\" src=\"https:\/\/gruene-neuhofen.de\/wp-content\/uploads\/2022\/03\/Naturschutz-800x451.png\" alt=\"\" class=\"wp-image-709\" srcset=\"https:\/\/gruene-neuhofen.de\/wp-content\/uploads\/2022\/03\/Naturschutz-800x451.png 800w, https:\/\/gruene-neuhofen.de\/wp-content\/uploads\/2022\/03\/Naturschutz-400x225.png 400w, https:\/\/gruene-neuhofen.de\/wp-content\/uploads\/2022\/03\/Naturschutz-768x433.png 768w, https:\/\/gruene-neuhofen.de\/wp-content\/uploads\/2022\/03\/Naturschutz-1536x865.png 1536w, https:\/\/gruene-neuhofen.de\/wp-content\/uploads\/2022\/03\/Naturschutz.png 1640w\" sizes=\"(max-width: 800px) 100vw, 800px\" \/><\/figure>\n\n\n\n<div style=\"height:20px\" aria-hidden=\"true\" class=\"wp-block-spacer\"><\/div>\n\n\n\n<div class=\"wp-block-buttons is-content-justification-center is-layout-flex wp-container-core-buttons-layout-4 wp-block-buttons-is-layout-flex\">\n<div class=\"wp-block-button\"><a class=\"wp-block-button__link has-white-color has-green-background-color has-text-color has-background wp-element-button\" href=\"https:\/\/gruene-neuhofen.de\/?page_id=22\" style=\"border-radius:50px\">Naturschutz<\/a><\/div>\n<\/div>\n<\/div>\n\n\n\n<div class=\"wp-block-column is-layout-flow wp-block-column-is-layout-flow\">\n<div style=\"height:20px\" aria-hidden=\"true\" class=\"wp-block-spacer\"><\/div>\n\n\n\n<figure class=\"wp-block-image size-large is-style-rounded\"><img loading=\"lazy\" decoding=\"async\" width=\"800\" height=\"451\" src=\"https:\/\/gruene-neuhofen.de\/wp-content\/uploads\/2022\/03\/Soziales-800x451.png\" alt=\"\" class=\"wp-image-711\" srcset=\"https:\/\/gruene-neuhofen.de\/wp-content\/uploads\/2022\/03\/Soziales-800x451.png 800w, https:\/\/gruene-neuhofen.de\/wp-content\/uploads\/2022\/03\/Soziales-400x225.png 400w, https:\/\/gruene-neuhofen.de\/wp-content\/uploads\/2022\/03\/Soziales-768x433.png 768w, https:\/\/gruene-neuhofen.de\/wp-content\/uploads\/2022\/03\/Soziales-1536x865.png 1536w, https:\/\/gruene-neuhofen.de\/wp-content\/uploads\/2022\/03\/Soziales.png 1640w\" sizes=\"(max-width: 800px) 100vw, 800px\" \/><\/figure>\n\n\n\n<div style=\"height:20px\" aria-hidden=\"true\" class=\"wp-block-spacer\"><\/div>\n\n\n\n<div class=\"wp-block-buttons is-content-justification-center is-layout-flex wp-container-core-buttons-layout-5 wp-block-buttons-is-layout-flex\">\n<div class=\"wp-block-button\"><a class=\"wp-block-button__link has-white-color has-green-background-color has-text-color has-background wp-element-button\" href=\"http:\/\/gruene-neuhofen.de\/?page_id=15\" style=\"border-radius:50px\">Soziales<\/a><\/div>\n<\/div>\n<\/div>\n\n\n\n<div class=\"wp-block-column is-layout-flow wp-block-column-is-layout-flow\">\n<div style=\"height:21px\" aria-hidden=\"true\" class=\"wp-block-spacer\"><\/div>\n\n\n\n<figure class=\"wp-block-image size-large is-style-rounded\"><img loading=\"lazy\" decoding=\"async\" width=\"800\" height=\"450\" src=\"https:\/\/gruene-neuhofen.de\/wp-content\/uploads\/2024\/03\/IMG_5146-edited-800x450.jpeg\" alt=\"\" class=\"wp-image-1199\" srcset=\"https:\/\/gruene-neuhofen.de\/wp-content\/uploads\/2024\/03\/IMG_5146-edited-800x450.jpeg 800w, https:\/\/gruene-neuhofen.de\/wp-content\/uploads\/2024\/03\/IMG_5146-edited-400x225.jpeg 400w, https:\/\/gruene-neuhofen.de\/wp-content\/uploads\/2024\/03\/IMG_5146-edited-768x432.jpeg 768w, https:\/\/gruene-neuhofen.de\/wp-content\/uploads\/2024\/03\/IMG_5146-edited-1536x864.jpeg 1536w, https:\/\/gruene-neuhofen.de\/wp-content\/uploads\/2024\/03\/IMG_5146-edited-2048x1152.jpeg 2048w\" sizes=\"(max-width: 800px) 100vw, 800px\" \/><\/figure>\n\n\n\n<div style=\"height:21px\" aria-hidden=\"true\" class=\"wp-block-spacer\"><\/div>\n\n\n\n<div class=\"wp-block-buttons is-content-justification-center is-layout-flex wp-container-core-buttons-layout-6 wp-block-buttons-is-layout-flex\">\n<div class=\"wp-block-button\"><a class=\"wp-block-button__link wp-element-button\" href=\"https:\/\/gruene-neuhofen.de\/?page_id=1163\" style=\"border-radius:50px\">Bauen<\/a><\/div>\n<\/div>\n<\/div>\n<\/div>\n\n\n\n<div style=\"height:40px\" aria-hidden=\"true\" class=\"wp-block-spacer\"><\/div>\n\n\n\n<h2 class=\"wp-block-heading\"><strong>Unser Wahlprogramm zur Kommunalwahl 2024:<\/strong><\/h2>\n\n\n\n<div class=\"wp-block-columns is-layout-flex wp-container-core-columns-layout-3 wp-block-columns-is-layout-flex\">\n<div class=\"wp-block-column is-layout-flow wp-block-column-is-layout-flow\">\n<figure class=\"wp-block-image size-large\"><a href=\"https:\/\/gruene-neuhofen.de\/wp-content\/uploads\/2024\/03\/Wahlprogarmm-ausfuehrlich-2024-Gruene-Neuhofen-final-5.pdf\"><img loading=\"lazy\" decoding=\"async\" width=\"800\" height=\"450\" src=\"https:\/\/gruene-neuhofen.de\/wp-content\/uploads\/2024\/02\/3-800x450.jpg\" alt=\"\" class=\"wp-image-1114\" srcset=\"https:\/\/gruene-neuhofen.de\/wp-content\/uploads\/2024\/02\/3-800x450.jpg 800w, https:\/\/gruene-neuhofen.de\/wp-content\/uploads\/2024\/02\/3-400x225.jpg 400w, https:\/\/gruene-neuhofen.de\/wp-content\/uploads\/2024\/02\/3-768x432.jpg 768w, https:\/\/gruene-neuhofen.de\/wp-content\/uploads\/2024\/02\/3-1536x864.jpg 1536w, https:\/\/gruene-neuhofen.de\/wp-content\/uploads\/2024\/02\/3.jpg 1920w\" sizes=\"(max-width: 800px) 100vw, 800px\" \/><\/a><\/figure>\n<\/div>\n\n\n\n<div class=\"wp-block-column is-layout-flow wp-block-column-is-layout-flow\">\n<figure class=\"wp-block-image size-large\"><a href=\"https:\/\/gruene-neuhofen.de\/wp-content\/uploads\/2024\/02\/Wahlprogramm-kurz-2024-Gruene-Neuhofen.pdf\"><img loading=\"lazy\" decoding=\"async\" width=\"800\" height=\"450\" src=\"https:\/\/gruene-neuhofen.de\/wp-content\/uploads\/2024\/02\/2-1-800x450.jpg\" alt=\"\" class=\"wp-image-1113\" srcset=\"https:\/\/gruene-neuhofen.de\/wp-content\/uploads\/2024\/02\/2-1-800x450.jpg 800w, https:\/\/gruene-neuhofen.de\/wp-content\/uploads\/2024\/02\/2-1-400x225.jpg 400w, https:\/\/gruene-neuhofen.de\/wp-content\/uploads\/2024\/02\/2-1-768x432.jpg 768w, https:\/\/gruene-neuhofen.de\/wp-content\/uploads\/2024\/02\/2-1-1536x864.jpg 1536w, https:\/\/gruene-neuhofen.de\/wp-content\/uploads\/2024\/02\/2-1.jpg 1920w\" sizes=\"(max-width: 800px) 100vw, 800px\" \/><\/a><\/figure>\n<\/div>\n<\/div>\n\n\n\n<hr class=\"wp-block-separator has-text-color has-black-500-color has-css-opacity has-black-500-background-color has-background is-style-wide\"\/>\n\n\n\n<div class=\"wp-block-buttons is-content-justification-center is-layout-flex wp-container-core-buttons-layout-7 wp-block-buttons-is-layout-flex\">\n<div class=\"wp-block-button\"><a class=\"wp-block-button__link has-white-color has-magenta-background-color has-text-color has-background wp-element-button\" href=\"https:\/\/www.gruene.de\/themen\" style=\"border-radius:50px\" target=\"_blank\" rel=\"noreferrer noopener\">\u00dcberregionale Themen von B\u00dcNDNIS 90\/DIE GR\u00dcNEN<\/a><\/div>\n<\/div>\n","protected":false},"excerpt":{"rendered":"<p>Unsere Positionen und Forderungen zu vielf\u00e4ltigen politischen Themen findest Du hier im \u00dcberblick. Gr\u00fcne Themen f\u00fcr Neuhofen: Unser Wahlprogramm zur Kommunalwahl 2024:<\/p>\n","protected":false},"author":2,"featured_media":400,"parent":0,"menu_order":2,"comment_status":"closed","ping_status":"closed","template":"","meta":{"footnotes":""},"_links":{"self":[{"href":"https:\/\/gruene-neuhofen.de\/index.php?rest_route=\/wp\/v2\/pages\/33"}],"collection":[{"href":"https:\/\/gruene-neuhofen.de\/index.php?rest_route=\/wp\/v2\/pages"}],"about":[{"href":"https:\/\/gruene-neuhofen.de\/index.php?rest_route=\/wp\/v2\/types\/page"}],"author":[{"embeddable":true,"href":"https:\/\/gruene-neuhofen.de\/index.php?rest_route=\/wp\/v2\/users\/2"}],"replies":[{"embeddable":true,"href":"https:\/\/gruene-neuhofen.de\/index.php?rest_route=%2Fwp%2Fv2%2Fcomments&post=33"}],"version-history":[{"count":17,"href":"https:\/\/gruene-neuhofen.de\/index.php?rest_route=\/wp\/v2\/pages\/33\/revisions"}],"predecessor-version":[{"id":1502,"href":"https:\/\/gruene-neuhofen.de\/index.php?rest_route=\/wp\/v2\/pages\/33\/revisions\/1502"}],"wp:featuredmedia":[{"embeddable":true,"href":"https:\/\/gruene-neuhofen.de\/index.php?rest_route=\/wp\/v2\/media\/400"}],"wp:attachment":[{"href":"https:\/\/gruene-neuhofen.de\/index.php?rest_route=%2Fwp%2Fv2%2Fmedia&parent=33"}],"curies":[{"name":"wp","href":"https:\/\/api.w.org\/{rel}","templated":true}]}}