{"id":31,"date":"2020-11-10T19:54:59","date_gmt":"2020-11-10T19:54:59","guid":{"rendered":"http:\/\/gruene-neuhofen.de\/?page_id=31"},"modified":"2025-06-05T10:05:25","modified_gmt":"2025-06-05T08:05:25","slug":"wer-wir-sind","status":"publish","type":"page","link":"https:\/\/gruene-neuhofen.de\/?page_id=31","title":{"rendered":"Wer wir sind"},"content":{"rendered":"\n<p>Am Mittwoch, 19. August 2020, hat sich der Ortsverband Neuhofen von B\u00dcNDNIS 90\/ DIE GR\u00dcNEN gegr\u00fcndet. Damit sind die GR\u00dcNEN als Parteiorganisation nun auch in Neuhofen vertreten.<\/p>\n\n\n<div class=\"wp-block-image\">\n<figure class=\"aligncenter size-large\"><img loading=\"lazy\" decoding=\"async\" width=\"800\" height=\"1067\" src=\"https:\/\/gruene-neuhofen.de\/wp-content\/uploads\/2024\/10\/MV-2024-800x1067.jpeg\" alt=\"\" class=\"wp-image-1568\" style=\"aspect-ratio:1;object-fit:cover\" srcset=\"https:\/\/gruene-neuhofen.de\/wp-content\/uploads\/2024\/10\/MV-2024-800x1067.jpeg 800w, https:\/\/gruene-neuhofen.de\/wp-content\/uploads\/2024\/10\/MV-2024-400x533.jpeg 400w, https:\/\/gruene-neuhofen.de\/wp-content\/uploads\/2024\/10\/MV-2024-768x1024.jpeg 768w, https:\/\/gruene-neuhofen.de\/wp-content\/uploads\/2024\/10\/MV-2024-1152x1536.jpeg 1152w, https:\/\/gruene-neuhofen.de\/wp-content\/uploads\/2024\/10\/MV-2024-1536x2048.jpeg 1536w, https:\/\/gruene-neuhofen.de\/wp-content\/uploads\/2024\/10\/MV-2024-scaled.jpeg 1920w\" sizes=\"(max-width: 800px) 100vw, 800px\" \/><\/figure><\/div>\n\n\n<div style=\"height:18px\" aria-hidden=\"true\" class=\"wp-block-spacer\"><\/div>\n\n\n\n<p>Am Montag, 14. Oktober 2024, hat der Ortsverband Neuhofen von B\u00dcNDNIS 90\/ DIE GR\u00dcNEN einen neuen Vorstand gew\u00e4hlt. In den Vorstand wurden gew\u00e4hlt: Anette Winter (Vorstandssprecherin, vorne links), J\u00fcrgen Fink (Vorstandssprecher, vorne rechts), Lutz Dreyer (Schatzmeister, hinten links) und als Beisitzerin Melina Kick (hinten rechts).&nbsp;<\/p>\n\n\n\n<p>Der Ortsverband versteht sich als Gr\u00fcne Stimme f\u00fcr und von Neuhofen, so die neugew\u00e4hlten Vorstandssprecher*innen Anette Winter und J\u00fcrgen Fink:<\/p>\n\n\n\n<p><strong>&#8222;Unser Ziel ist es, die gr\u00fcnen Anliegen wie Klima- und Umweltschutz, eine offene Gesellschaft, soziale Verantwortung, sichere Verkehrskonzepte und nachhaltiges Wirtschaften anzugehen. Dabei m\u00f6chten wir gemeinsam mit den B\u00fcrgerinnen und B\u00fcrgern in der Gemeinde aktiv diskutieren und transparente Politik f\u00f6rdern. Als Ortsverband von B\u00dcNDNIS 90\/ DIE GR\u00dcNEN wollen wir die starke Gr\u00fcne Stimme in Neuhofen sein.\u201c<\/strong><\/p>\n\n\n\n<p>Die sp\u00fcrbaren Auswirkungen der Klimakrise und des Artensterbens erfordern entschiedenes Handeln, um sichtbare Ma\u00dfnahmen zu reduzieren. Eine vorausschauende und wissenschaftlich fundierte Politik ist dabei unerl\u00e4sslich, damit wir die richtigen Weichen stellen. Neben dem Ausbau erneuerbarer Energien, der F\u00f6rderung der Mobilit\u00e4tswende und der Schaffung von mehr nat\u00fcrlichen Gr\u00fcnfl\u00e4chen betrachten wir die Reduzierung des Fl\u00e4chenverbrauchs als einen entscheidenden Baustein. Unser Ziel ist es, Neuhofen nicht nur als reine Wohn- und Schlafort zu gestalten, sondern die Gemeinde in Zusammenarbeit mit den B\u00fcrgerinnen und B\u00fcrgern als einen lebenswerten Ort f\u00fcr gegenw\u00e4rtige und zuk\u00fcnftige Generationen zu erhalten und naturnah zu gestalten.<\/p>\n\n\n\n<hr class=\"wp-block-separator has-text-color has-black-500-color has-css-opacity has-black-500-background-color has-background is-style-wide\"\/>\n\n\n\n<p><\/p>\n\n\n\n<h2 class=\"wp-block-heading\"><strong>Die Vorstandssprecher*innen<\/strong><\/h2>\n\n\n\n<div style=\"height:40px\" aria-hidden=\"true\" class=\"wp-block-spacer\"><\/div>\n\n\n\n<div class=\"wp-block-columns is-layout-flex wp-container-core-columns-layout-1 wp-block-columns-is-layout-flex\">\n<div class=\"wp-block-column is-layout-flow wp-block-column-is-layout-flow\">\n<figure class=\"wp-block-image size-large is-style-default\"><img loading=\"lazy\" decoding=\"async\" width=\"2560\" height=\"2560\" src=\"https:\/\/gruene-neuhofen.de\/wp-content\/uploads\/2022\/11\/Portrait-Anette-2022-edited-scaled.jpg\" alt=\"\" class=\"wp-image-845\" srcset=\"https:\/\/gruene-neuhofen.de\/wp-content\/uploads\/2022\/11\/Portrait-Anette-2022-edited-scaled.jpg 2560w, https:\/\/gruene-neuhofen.de\/wp-content\/uploads\/2022\/11\/Portrait-Anette-2022-edited-400x400.jpg 400w, https:\/\/gruene-neuhofen.de\/wp-content\/uploads\/2022\/11\/Portrait-Anette-2022-edited-800x800.jpg 800w, https:\/\/gruene-neuhofen.de\/wp-content\/uploads\/2022\/11\/Portrait-Anette-2022-edited-150x150.jpg 150w, https:\/\/gruene-neuhofen.de\/wp-content\/uploads\/2022\/11\/Portrait-Anette-2022-edited-768x768.jpg 768w, https:\/\/gruene-neuhofen.de\/wp-content\/uploads\/2022\/11\/Portrait-Anette-2022-edited-1536x1536.jpg 1536w, https:\/\/gruene-neuhofen.de\/wp-content\/uploads\/2022\/11\/Portrait-Anette-2022-edited-2048x2048.jpg 2048w\" sizes=\"(max-width: 2560px) 100vw, 2560px\" \/><\/figure>\n\n\n\n<div style=\"height:20px\" aria-hidden=\"true\" class=\"wp-block-spacer\"><\/div>\n\n\n\n<div class=\"wp-block-buttons is-content-justification-center is-layout-flex wp-container-core-buttons-layout-1 wp-block-buttons-is-layout-flex\">\n<div class=\"wp-block-button is-style-fill\"><a class=\"wp-block-button__link has-white-color has-green-background-color has-text-color has-background wp-element-button\" href=\"https:\/\/gruene-neuhofen.de\/?page_id=176&amp;preview=true\" style=\"border-radius:50px\">Anette Winter<\/a><\/div>\n<\/div>\n<\/div>\n\n\n\n<div class=\"wp-block-column is-layout-flow wp-block-column-is-layout-flow\">\n<figure class=\"wp-block-image size-large is-style-default\"><img loading=\"lazy\" decoding=\"async\" width=\"2088\" height=\"2084\" src=\"https:\/\/gruene-neuhofen.de\/wp-content\/uploads\/2022\/11\/Gru\u0308ne-HP-edited.jpg\" alt=\"\" class=\"wp-image-863\" srcset=\"https:\/\/gruene-neuhofen.de\/wp-content\/uploads\/2022\/11\/Gru\u0308ne-HP-edited.jpg 2088w, https:\/\/gruene-neuhofen.de\/wp-content\/uploads\/2022\/11\/Gru\u0308ne-HP-edited-400x399.jpg 400w, https:\/\/gruene-neuhofen.de\/wp-content\/uploads\/2022\/11\/Gru\u0308ne-HP-edited-800x798.jpg 800w, https:\/\/gruene-neuhofen.de\/wp-content\/uploads\/2022\/11\/Gru\u0308ne-HP-edited-150x150.jpg 150w, https:\/\/gruene-neuhofen.de\/wp-content\/uploads\/2022\/11\/Gru\u0308ne-HP-edited-768x767.jpg 768w, https:\/\/gruene-neuhofen.de\/wp-content\/uploads\/2022\/11\/Gru\u0308ne-HP-edited-1536x1533.jpg 1536w, https:\/\/gruene-neuhofen.de\/wp-content\/uploads\/2022\/11\/Gru\u0308ne-HP-edited-2048x2044.jpg 2048w\" sizes=\"(max-width: 2088px) 100vw, 2088px\" \/><\/figure>\n\n\n\n<div style=\"height:20px\" aria-hidden=\"true\" class=\"wp-block-spacer\"><\/div>\n\n\n\n<div class=\"wp-block-buttons is-content-justification-center is-layout-flex wp-container-core-buttons-layout-2 wp-block-buttons-is-layout-flex\">\n<div class=\"wp-block-button\"><a class=\"wp-block-button__link has-white-color has-green-background-color has-text-color has-background wp-element-button\" href=\"https:\/\/gruene-neuhofen.de\/?page_id=849\" style=\"border-radius:50px\">J\u00fcrgen Fink<\/a><\/div>\n<\/div>\n<\/div>\n<\/div>\n\n\n\n<div class=\"wp-block-columns is-layout-flex wp-container-core-columns-layout-2 wp-block-columns-is-layout-flex\">\n<div class=\"wp-block-column is-layout-flow wp-block-column-is-layout-flow\">\n<h2 class=\"wp-block-heading\">Schatzmeister<\/h2>\n\n\n\n<figure class=\"wp-block-image size-large is-style-default\"><img loading=\"lazy\" decoding=\"async\" width=\"449\" height=\"449\" src=\"https:\/\/gruene-neuhofen.de\/wp-content\/uploads\/2020\/11\/Lutz-Dreyer_2.png\" alt=\"\" class=\"wp-image-159\" srcset=\"https:\/\/gruene-neuhofen.de\/wp-content\/uploads\/2020\/11\/Lutz-Dreyer_2.png 449w, https:\/\/gruene-neuhofen.de\/wp-content\/uploads\/2020\/11\/Lutz-Dreyer_2-400x400.png 400w, https:\/\/gruene-neuhofen.de\/wp-content\/uploads\/2020\/11\/Lutz-Dreyer_2-150x150.png 150w\" sizes=\"(max-width: 449px) 100vw, 449px\" \/><\/figure>\n\n\n\n<div style=\"height:20px\" aria-hidden=\"true\" class=\"wp-block-spacer\"><\/div>\n\n\n\n<div class=\"wp-block-buttons is-content-justification-center is-layout-flex wp-container-core-buttons-layout-3 wp-block-buttons-is-layout-flex\">\n<div class=\"wp-block-button\"><a class=\"wp-block-button__link has-white-color has-green-background-color has-text-color has-background wp-element-button\" href=\"https:\/\/gruene-neuhofen.de\/?page_id=156\" style=\"border-radius:50px\">Lutz Dreyer<\/a><\/div>\n<\/div>\n<\/div>\n\n\n\n<div class=\"wp-block-column is-layout-flow wp-block-column-is-layout-flow\">\n<h2 class=\"wp-block-heading\">Beisitzerin<\/h2>\n\n\n\n<figure class=\"wp-block-image size-large\"><img loading=\"lazy\" decoding=\"async\" width=\"800\" height=\"672\" src=\"https:\/\/gruene-neuhofen.de\/wp-content\/uploads\/2024\/03\/Melina-800x672.jpg\" alt=\"\" class=\"wp-image-1273\" style=\"aspect-ratio:1;object-fit:cover\" srcset=\"https:\/\/gruene-neuhofen.de\/wp-content\/uploads\/2024\/03\/Melina-800x672.jpg 800w, https:\/\/gruene-neuhofen.de\/wp-content\/uploads\/2024\/03\/Melina-400x336.jpg 400w, https:\/\/gruene-neuhofen.de\/wp-content\/uploads\/2024\/03\/Melina-768x645.jpg 768w, https:\/\/gruene-neuhofen.de\/wp-content\/uploads\/2024\/03\/Melina-1536x1291.jpg 1536w, https:\/\/gruene-neuhofen.de\/wp-content\/uploads\/2024\/03\/Melina-2048x1721.jpg 2048w\" sizes=\"(max-width: 800px) 100vw, 800px\" \/><\/figure>\n\n\n\n<div style=\"height:20px\" aria-hidden=\"true\" class=\"wp-block-spacer\"><\/div>\n\n\n\n<div class=\"wp-block-buttons is-content-justification-center is-layout-flex wp-container-core-buttons-layout-4 wp-block-buttons-is-layout-flex\">\n<div class=\"wp-block-button\"><a class=\"wp-block-button__link wp-element-button\" href=\"https:\/\/gruene-neuhofen.de\/?page_id=1292\" style=\"border-radius:50px\">Melina Kick<\/a><\/div>\n<\/div>\n<\/div>\n<\/div>\n\n\n\n<hr class=\"wp-block-separator has-alpha-channel-opacity\"\/>\n\n\n\n<h2 class=\"wp-block-heading\">Neben den Vorstandsmitgliedern f\u00fcr die GR\u00dcNEN in Aussch\u00fcssen:<\/h2>\n\n\n\n<div class=\"wp-block-columns is-layout-flex wp-container-core-columns-layout-3 wp-block-columns-is-layout-flex\">\n<div class=\"wp-block-column is-layout-flow wp-block-column-is-layout-flow\">\n<figure class=\"wp-block-image size-large is-style-default\"><img loading=\"lazy\" decoding=\"async\" width=\"800\" height=\"800\" src=\"https:\/\/gruene-neuhofen.de\/wp-content\/uploads\/2022\/11\/Ewald.jpg\" alt=\"\" class=\"wp-image-865\" srcset=\"https:\/\/gruene-neuhofen.de\/wp-content\/uploads\/2022\/11\/Ewald.jpg 800w, https:\/\/gruene-neuhofen.de\/wp-content\/uploads\/2022\/11\/Ewald-400x400.jpg 400w, https:\/\/gruene-neuhofen.de\/wp-content\/uploads\/2022\/11\/Ewald-150x150.jpg 150w, https:\/\/gruene-neuhofen.de\/wp-content\/uploads\/2022\/11\/Ewald-768x768.jpg 768w\" sizes=\"(max-width: 800px) 100vw, 800px\" \/><\/figure>\n\n\n\n<div style=\"height:20px\" aria-hidden=\"true\" class=\"wp-block-spacer\"><\/div>\n\n\n\n<div class=\"wp-block-buttons is-content-justification-center is-layout-flex wp-container-core-buttons-layout-5 wp-block-buttons-is-layout-flex\">\n<div class=\"wp-block-button\"><a class=\"wp-block-button__link has-white-color has-klee-background-color has-text-color has-background wp-element-button\" href=\"https:\/\/gruene-neuhofen.de\/?page_id=1545\" style=\"border-radius:50px\">Hans Ewald Bickelmann-Frey<\/a><\/div>\n<\/div>\n<\/div>\n\n\n\n<div class=\"wp-block-column is-layout-flow wp-block-column-is-layout-flow\">\n<figure class=\"wp-block-image size-large\"><img loading=\"lazy\" decoding=\"async\" width=\"800\" height=\"827\" src=\"https:\/\/gruene-neuhofen.de\/wp-content\/uploads\/2024\/03\/Bild_Jens-o3-800x827.jpg\" alt=\"\" class=\"wp-image-1279\" style=\"aspect-ratio:1;object-fit:cover\" srcset=\"https:\/\/gruene-neuhofen.de\/wp-content\/uploads\/2024\/03\/Bild_Jens-o3-800x827.jpg 800w, https:\/\/gruene-neuhofen.de\/wp-content\/uploads\/2024\/03\/Bild_Jens-o3-400x413.jpg 400w, https:\/\/gruene-neuhofen.de\/wp-content\/uploads\/2024\/03\/Bild_Jens-o3-768x794.jpg 768w, https:\/\/gruene-neuhofen.de\/wp-content\/uploads\/2024\/03\/Bild_Jens-o3.jpg 1098w\" sizes=\"(max-width: 800px) 100vw, 800px\" \/><\/figure>\n\n\n\n<div style=\"height:20px\" aria-hidden=\"true\" class=\"wp-block-spacer\"><\/div>\n\n\n\n<div class=\"wp-block-buttons is-content-justification-center is-layout-flex wp-container-core-buttons-layout-6 wp-block-buttons-is-layout-flex\">\n<div class=\"wp-block-button\"><a class=\"wp-block-button__link wp-element-button\" href=\"https:\/\/gruene-neuhofen.de\/?page_id=1288\" style=\"border-radius:50px\">Jens Dreyer<\/a><\/div>\n<\/div>\n<\/div>\n<\/div>\n\n\n\n<div style=\"height:40px\" aria-hidden=\"true\" class=\"wp-block-spacer\"><\/div>\n\n\n\n<div class=\"wp-block-columns is-layout-flex wp-container-core-columns-layout-4 wp-block-columns-is-layout-flex\">\n<div class=\"wp-block-column is-layout-flow wp-block-column-is-layout-flow\">\n<div style=\"height:20px\" aria-hidden=\"true\" class=\"wp-block-spacer\"><\/div>\n\n\n\n<div class=\"wp-block-buttons is-content-justification-center is-layout-flex wp-container-core-buttons-layout-7 wp-block-buttons-is-layout-flex\"><\/div>\n<\/div>\n\n\n\n<div class=\"wp-block-column is-layout-flow wp-block-column-is-layout-flow\"><\/div>\n<\/div>\n","protected":false},"excerpt":{"rendered":"<p>Am Mittwoch, 19. August 2020, hat sich der Ortsverband Neuhofen von B\u00dcNDNIS 90\/ DIE GR\u00dcNEN gegr\u00fcndet. Damit sind die GR\u00dcNEN als Parteiorganisation nun auch in Neuhofen vertreten. Am Montag, 14.\u2026<\/p>\n","protected":false},"author":2,"featured_media":0,"parent":0,"menu_order":1,"comment_status":"closed","ping_status":"closed","template":"","meta":{"footnotes":""},"_links":{"self":[{"href":"https:\/\/gruene-neuhofen.de\/index.php?rest_route=\/wp\/v2\/pages\/31"}],"collection":[{"href":"https:\/\/gruene-neuhofen.de\/index.php?rest_route=\/wp\/v2\/pages"}],"about":[{"href":"https:\/\/gruene-neuhofen.de\/index.php?rest_route=\/wp\/v2\/types\/page"}],"author":[{"embeddable":true,"href":"https:\/\/gruene-neuhofen.de\/index.php?rest_route=\/wp\/v2\/users\/2"}],"replies":[{"embeddable":true,"href":"https:\/\/gruene-neuhofen.de\/index.php?rest_route=%2Fwp%2Fv2%2Fcomments&post=31"}],"version-history":[{"count":37,"href":"https:\/\/gruene-neuhofen.de\/index.php?rest_route=\/wp\/v2\/pages\/31\/revisions"}],"predecessor-version":[{"id":1819,"href":"https:\/\/gruene-neuhofen.de\/index.php?rest_route=\/wp\/v2\/pages\/31\/revisions\/1819"}],"wp:attachment":[{"href":"https:\/\/gruene-neuhofen.de\/index.php?rest_route=%2Fwp%2Fv2%2Fmedia&parent=31"}],"curies":[{"name":"wp","href":"https:\/\/api.w.org\/{rel}","templated":true}]}}