{"id":196,"date":"2020-11-15T12:37:22","date_gmt":"2020-11-15T11:37:22","guid":{"rendered":"https:\/\/gruene-neuhofen.de\/?page_id=196"},"modified":"2024-01-01T21:01:59","modified_gmt":"2024-01-01T20:01:59","slug":"aktiv-werden","status":"publish","type":"page","link":"https:\/\/gruene-neuhofen.de\/?page_id=196","title":{"rendered":"Aktiv werden"},"content":{"rendered":"\n<p>Du hast tolle Ideen um Dinge zu ver\u00e4ndern? Du m\u00f6chtest Deine Vorstellung von Neuhofen in die Realit\u00e4t umsetzen? Du m\u00f6chtest Teil einer Gemeinschaft sein und dass Deine Stimme geh\u00f6rt wird? Dann werde aktiv!<\/p>\n\n\n\n<p>Arbeite mit <a href=\"https:\/\/gruene-neuhofen.de\/?page_id=31&amp;customize_changeset_uuid=9f2e425f-f4b9-487b-8137-14d71ce391d3\">uns gemeinsam <\/a>und werde aktiver Teil der politischen Arbeit in Neuhofen. Setze Dich f\u00fcr Themen ein, die Dir am Herzen liegen und trete in Kontakt mit B\u00fcrgerinnen und B\u00fcrgern &#8211; f\u00fcr ein gr\u00fcnes Neuhofen!<\/p>\n\n\n\n<p>Setze ein Zeichen und werde <a href=\"https:\/\/www.gruene.de\/ueber-uns\/jetzt-mitglied-werden.html?pk_campaign=header-mitglied\">Teil einer Gemeinschaft<\/a> &#8211; egal ob <a href=\"http:\/\/www.gruene-neuhofen.de\" data-type=\"URL\" data-id=\"www.gruene-neuhofen.de\">kommunal<\/a>, auf <a href=\"https:\/\/gruene-rlp.de\/startseite\/\">Landesebene<\/a> oder auf <a href=\"https:\/\/www.gruene.de\/\">Bundesebene<\/a>. Wir stehen Dir mit Rat und Tat zur Seite!<\/p>\n\n\n\n<hr class=\"wp-block-separator has-text-color has-black-500-color has-css-opacity has-black-500-background-color has-background is-style-wide\"\/>\n\n\n\n<p><\/p>\n\n\n\n<h4 class=\"wp-block-heading\"><strong>Lerne uns kennen:<\/strong><\/h4>\n\n\n\n<div style=\"height:20px\" aria-hidden=\"true\" class=\"wp-block-spacer\"><\/div>\n\n\n\n<div class=\"wp-block-columns is-layout-flex wp-container-core-columns-layout-1 wp-block-columns-is-layout-flex\">\n<div class=\"wp-block-column is-layout-flow wp-block-column-is-layout-flow\">\n<div class=\"wp-block-buttons is-content-justification-center is-layout-flex wp-container-core-buttons-layout-1 wp-block-buttons-is-layout-flex\">\n<div class=\"wp-block-button\"><a class=\"wp-block-button__link has-green-background-color has-background wp-element-button\" href=\"https:\/\/gruene-neuhofen.de\/?page_id=63\" style=\"border-radius:50px\">Kontaktformular<\/a><\/div>\n<\/div>\n<\/div>\n\n\n\n<div class=\"wp-block-column is-layout-flow wp-block-column-is-layout-flow\">\n<div class=\"wp-block-buttons is-content-justification-center is-layout-flex wp-container-core-buttons-layout-2 wp-block-buttons-is-layout-flex\">\n<div class=\"wp-block-button\"><a class=\"wp-block-button__link has-green-background-color has-background wp-element-button\" href=\"https:\/\/www.gruene.de\/mitglied-werden\" style=\"border-radius:50px\">Mitgliedsantrag<\/a><\/div>\n<\/div>\n<\/div>\n\n\n\n<div class=\"wp-block-column is-layout-flow wp-block-column-is-layout-flow\">\n<p>oder kontaktiere uns via E-Mail an ov-neuhofen@gruene-rlp.de<\/p>\n<\/div>\n<\/div>\n\n\n\n<div style=\"height:20px\" aria-hidden=\"true\" class=\"wp-block-spacer\"><\/div>\n\n\n\n<p>Gerne kannst Du uns auch ganz unverbindlich bei unserem n\u00e4chsten Stammtisch kennenlernen. <br>Alle Termine findest Du <a href=\"https:\/\/gruene-neuhofen.de\/?post_type=sunflower_event\" data-type=\"URL\" data-id=\"https:\/\/gruene-neuhofen.de\/?post_type=sunflower_event\">hier<\/a>.<\/p>\n","protected":false},"excerpt":{"rendered":"<p>Du hast tolle Ideen um Dinge zu ver\u00e4ndern? Du m\u00f6chtest Deine Vorstellung von Neuhofen in die Realit\u00e4t umsetzen? Du m\u00f6chtest Teil einer Gemeinschaft sein und dass Deine Stimme geh\u00f6rt wird?\u2026<\/p>\n","protected":false},"author":2,"featured_media":199,"parent":60,"menu_order":0,"comment_status":"closed","ping_status":"closed","template":"","meta":{"footnotes":""},"_links":{"self":[{"href":"https:\/\/gruene-neuhofen.de\/index.php?rest_route=\/wp\/v2\/pages\/196"}],"collection":[{"href":"https:\/\/gruene-neuhofen.de\/index.php?rest_route=\/wp\/v2\/pages"}],"about":[{"href":"https:\/\/gruene-neuhofen.de\/index.php?rest_route=\/wp\/v2\/types\/page"}],"author":[{"embeddable":true,"href":"https:\/\/gruene-neuhofen.de\/index.php?rest_route=\/wp\/v2\/users\/2"}],"replies":[{"embeddable":true,"href":"https:\/\/gruene-neuhofen.de\/index.php?rest_route=%2Fwp%2Fv2%2Fcomments&post=196"}],"version-history":[{"count":10,"href":"https:\/\/gruene-neuhofen.de\/index.php?rest_route=\/wp\/v2\/pages\/196\/revisions"}],"predecessor-version":[{"id":1034,"href":"https:\/\/gruene-neuhofen.de\/index.php?rest_route=\/wp\/v2\/pages\/196\/revisions\/1034"}],"up":[{"embeddable":true,"href":"https:\/\/gruene-neuhofen.de\/index.php?rest_route=\/wp\/v2\/pages\/60"}],"wp:featuredmedia":[{"embeddable":true,"href":"https:\/\/gruene-neuhofen.de\/index.php?rest_route=\/wp\/v2\/media\/199"}],"wp:attachment":[{"href":"https:\/\/gruene-neuhofen.de\/index.php?rest_route=%2Fwp%2Fv2%2Fmedia&parent=196"}],"curies":[{"name":"wp","href":"https:\/\/api.w.org\/{rel}","templated":true}]}}