{"id":19,"date":"2020-11-10T19:27:29","date_gmt":"2020-11-10T19:27:29","guid":{"rendered":"http:\/\/gruene-neuhofen.de\/?page_id=19"},"modified":"2024-03-03T11:22:37","modified_gmt":"2024-03-03T10:22:37","slug":"oekonomie","status":"publish","type":"page","link":"https:\/\/gruene-neuhofen.de\/?page_id=19","title":{"rendered":"Gewerbe und Landwirtschaft in Neuhofen st\u00e4rken"},"content":{"rendered":"\n<p><strong>Wirtschaftliches Handeln, Fortschritt und Klimaschutz sind kein Widerspruch, sondern eine Chance<br>f\u00fcr unsere lokalen Unternehmen und ein lebenswertes Neuhofen.<\/strong><br>Wir GR\u00dcNE in Neuhofen wollen eine Wirtschaft, die sozial, nachhaltig und zukunftsf\u00e4hig ist. Wir<br>setzen uns gegen zus\u00e4tzliche Abgabenerh\u00f6hungen (Steuern, wiederkehrende Beitr\u00e4ge) in Neuhofen<br>ein, und wollen Betriebe auf dem Weg zur Nachhaltigkeit unterst\u00fctzen.<\/p>\n\n\n\n<p><strong>Wir setze uns ein f\u00fcr:<\/strong><\/p>\n\n\n\n<ul>\n<li>die <strong>Nutzung freier Fl\u00e4chen und Geb\u00e4ude<\/strong> im bestehenden Gewerbegebiet, um weitere Versiegelung zu stoppen<\/li>\n\n\n\n<li>den <strong>Ausbau der digitalen Infrastruktur<\/strong><\/li>\n\n\n\n<li>den <strong>Schutz landwirtschaftlicher Fl\u00e4chen<\/strong><\/li>\n\n\n\n<li>die <strong>F\u00f6rderung regionaler, \u00f6kologischer Landwirtschaft<\/strong> und ortsnaher Vermarktung<\/li>\n\n\n\n<li><strong>Agri-Photovoltaik<\/strong>, in <strong>Abw\u00e4gung<\/strong> mit Landwirtschafts- und Naturschutzinteressen.<\/li>\n<\/ul>\n\n\n\n<p>Unser Einsatz f\u00fcr bezahlbaren Wohnraum hilft bei der Fachkr\u00e4ftegewinnung und -sicherung.<br>Schnelles Internet, gute Anbindung an den Nahverkehr, Kitas sowie Schulangebote sorgen daf\u00fcr,<br>dass Unternehmen und Selbstst\u00e4ndige optimale Bedingungen vorfinden.<\/p>\n\n\n\n<p><strong>Wenn Sie Fragen oder Anregungen haben, wenden Sie sich gerne an uns.<\/strong><\/p>\n","protected":false},"excerpt":{"rendered":"<p>Wirtschaftliches Handeln, Fortschritt und Klimaschutz sind kein Widerspruch, sondern eine Chancef\u00fcr unsere lokalen Unternehmen und ein lebenswertes Neuhofen.Wir GR\u00dcNE in Neuhofen wollen eine Wirtschaft, die sozial, nachhaltig und zukunftsf\u00e4hig ist.\u2026<\/p>\n","protected":false},"author":1,"featured_media":710,"parent":33,"menu_order":0,"comment_status":"closed","ping_status":"closed","template":"","meta":{"footnotes":""},"_links":{"self":[{"href":"https:\/\/gruene-neuhofen.de\/index.php?rest_route=\/wp\/v2\/pages\/19"}],"collection":[{"href":"https:\/\/gruene-neuhofen.de\/index.php?rest_route=\/wp\/v2\/pages"}],"about":[{"href":"https:\/\/gruene-neuhofen.de\/index.php?rest_route=\/wp\/v2\/types\/page"}],"author":[{"embeddable":true,"href":"https:\/\/gruene-neuhofen.de\/index.php?rest_route=\/wp\/v2\/users\/1"}],"replies":[{"embeddable":true,"href":"https:\/\/gruene-neuhofen.de\/index.php?rest_route=%2Fwp%2Fv2%2Fcomments&post=19"}],"version-history":[{"count":8,"href":"https:\/\/gruene-neuhofen.de\/index.php?rest_route=\/wp\/v2\/pages\/19\/revisions"}],"predecessor-version":[{"id":1167,"href":"https:\/\/gruene-neuhofen.de\/index.php?rest_route=\/wp\/v2\/pages\/19\/revisions\/1167"}],"up":[{"embeddable":true,"href":"https:\/\/gruene-neuhofen.de\/index.php?rest_route=\/wp\/v2\/pages\/33"}],"wp:featuredmedia":[{"embeddable":true,"href":"https:\/\/gruene-neuhofen.de\/index.php?rest_route=\/wp\/v2\/media\/710"}],"wp:attachment":[{"href":"https:\/\/gruene-neuhofen.de\/index.php?rest_route=%2Fwp%2Fv2%2Fmedia&parent=19"}],"curies":[{"name":"wp","href":"https:\/\/api.w.org\/{rel}","templated":true}]}}