{"id":176,"date":"2020-11-15T12:11:21","date_gmt":"2020-11-15T11:11:21","guid":{"rendered":"https:\/\/gruene-neuhofen.de\/?page_id=176"},"modified":"2025-05-31T18:32:12","modified_gmt":"2025-05-31T16:32:12","slug":"anette-winter-vorstandssprecherin","status":"publish","type":"page","link":"https:\/\/gruene-neuhofen.de\/?page_id=176","title":{"rendered":"Anette Winter \u2013 Vorstandssprecherin"},"content":{"rendered":"\n<div class=\"wp-block-columns is-layout-flex wp-container-core-columns-layout-1 wp-block-columns-is-layout-flex\">\n<div class=\"wp-block-column is-layout-flow wp-block-column-is-layout-flow\">\n<figure class=\"wp-block-image size-large is-style-rounded\"><img loading=\"lazy\" decoding=\"async\" width=\"800\" height=\"755\" src=\"https:\/\/gruene-neuhofen.de\/wp-content\/uploads\/2025\/05\/R5M22865-scaled-e1748708444189-800x755.jpg\" alt=\"\" class=\"wp-image-1816\" srcset=\"https:\/\/gruene-neuhofen.de\/wp-content\/uploads\/2025\/05\/R5M22865-scaled-e1748708444189-800x755.jpg 800w, https:\/\/gruene-neuhofen.de\/wp-content\/uploads\/2025\/05\/R5M22865-scaled-e1748708444189-400x377.jpg 400w, https:\/\/gruene-neuhofen.de\/wp-content\/uploads\/2025\/05\/R5M22865-scaled-e1748708444189-768x725.jpg 768w, https:\/\/gruene-neuhofen.de\/wp-content\/uploads\/2025\/05\/R5M22865-scaled-e1748708444189.jpg 1361w\" sizes=\"(max-width: 800px) 100vw, 800px\" \/><\/figure>\n\n\n\n<div style=\"height:20px\" aria-hidden=\"true\" class=\"wp-block-spacer\"><\/div>\n<\/div>\n\n\n\n<div class=\"wp-block-column is-layout-flow wp-block-column-is-layout-flow\">\n<ul id=\"block-6f9342e5-41bc-48e4-ad31-91c4679737cc\">\n<li>Anette Winter, 1965 in Ludwigshafen geboren,<\/li>\n\n\n\n<li>verheiratet mit zwei erwachsenen Kindern<\/li>\n\n\n\n<li>Dipl.-Ing. (FH) Ern\u00e4hrungs- und Haushaltstechnik<\/li>\n<\/ul>\n\n\n\n<div style=\"height:25px\" aria-hidden=\"true\" class=\"wp-block-spacer\"><\/div>\n\n\n\n<h6 class=\"wp-block-heading has-black-color has-text-color has-link-color has-medium-font-size wp-elements-4deb726051a2147e761c7d3046473be2\">Politische Gremien:<\/h6>\n\n\n\n<ul>\n<li>Fraktionsvorsitzende im Gemeinderat der Ortsgemeinde Neuhofen<\/li>\n\n\n\n<li>stellvertretende Fraktionsvorsitzende im Verbandsgemeinderat der Verbandsgemeinde Rheinauen<\/li>\n\n\n\n<li>stellvertretendes Mitglied im Haupt- und Finanzausschuss Neuhofen<\/li>\n\n\n\n<li>Mitglied im Bau- und Grundst\u00fccksausschuss Neuhofen<\/li>\n\n\n\n<li>Mitglied im Ausschuss f\u00fcr Landwirtschaft sowie f\u00fcr Umwelt, Natur- und Landschaftsschutz Neuhofen<\/li>\n\n\n\n<li>stellvertretendes Mitglied im Rechnungspr\u00fcfungsausschuss Neuhofen<\/li>\n\n\n\n<li>stellvertretendes Mitglied im Kindertagesst\u00e4ttenausschuss<\/li>\n<\/ul>\n<\/div>\n<\/div>\n\n\n\n<hr class=\"wp-block-separator has-text-color has-black-500-color has-css-opacity has-black-500-background-color has-background is-style-wide\"\/>\n\n\n\n<h2 class=\"wp-block-heading\">Wer bin ich?<\/h2>\n\n\n\n<ul id=\"block-bdad3330-0f91-4ed8-aab7-2b23c5ed5d33\">\n<li>Die Liebe zur Natur und meine sportlichen Aktivit\u00e4ten lassen mich so viel Zeit wie m\u00f6glich drau\u00dfen verbringen, wo ich viele Ver\u00e4nderungen sehe, die mir nicht immer gefallen. Seit 1991 engagiere ich mich aktiv in einem Umweltverband auf Gemeinde- und Kreisebene. Im Rahmen dessen habe ich sechs Jahre eine naturkundliche Kindergruppe organisiert und geleitet.&nbsp; Kinder sind f\u00fcr mich auch immer wieder der Ansporn, mich f\u00fcr eine lebens- und liebenswerte Umwelt einzusetzen, denn die Erde soll zuk\u00fcnftig auch f\u00fcr meine Kinder und Enkel bewohnbar bleiben.<\/li>\n\n\n\n<li>Von 2001 bis 2010 war ich Gleichstellungsbeauftragte f\u00fcr die Gemeinde Neuhofen. In diesem Zeitraum war ich als Mutter viel mit meinen eigenen Kindern unterwegs und so konzentrierte sich meine Arbeit in der Hauptsache auf die Rolle der Frau in der Familie und die Vereinbarkeit von Beruf und Familie. Mit andern gleichgesinnten Frauen gr\u00fcndete ich das Familienzentrum NOVA e.V. . Dort finden Eltern in der Regel die Frauen, die nach wie vor die tragende S\u00e4ule f\u00fcr die Kindererziehung sind, Unterst\u00fctzung oder k\u00f6nnen sich einbringen.<\/li>\n\n\n\n<li>Bis Ende 2023 war ich im Fachbereich Nahrungstechnologie und Hauswirtschaft an der Berufsschule f\u00fcr Geh\u00f6rlose in Frankenthal t\u00e4tig.<\/li>\n<\/ul>\n\n\n\n<div style=\"height:50px\" aria-hidden=\"true\" class=\"wp-block-spacer\"><\/div>\n\n\n\n<h2 class=\"wp-block-heading\"><strong>Was m\u00f6chte ich in Neuhofen bewegen?<\/strong><\/h2>\n\n\n\n<p>Seit 2019 bin ich Mitglied im Gemeinderat von Neuhofen. Mir liegen vor allem gute Bildungschancen mit durchdachten p\u00e4dagogischen Konzepten von der Kita bis zur Schule sowie eine gesunde Umwelt am Herzen. Der Schutz und die St\u00e4rkung unserer reichhaltigen Naturlandschaft, sowohl innerhalb als auch au\u00dferhalb des Ortes, sind f\u00fcr mich von gro\u00dfer Bedeutung.<\/p>\n\n\n\n<p>Ich setze mich daf\u00fcr ein, dass das soziale Miteinander generationen\u00fcbergreifend unterst\u00fctzt wird, um eine angenehme Gemeinschaft zu schaffen. Mir liegt viel daran, Neuhofen als lebenswerten Ort mit optimalen Lebensbedingungen zu erhalten. Dazu geh\u00f6ren f\u00fcr mich gute Versorgungsbedingungen sowie zukunftsweisende Mobilit\u00e4tsformen im Ort, bei denen sich alle sicher und angenehm fortbewegen k\u00f6nnen, unter Ber\u00fccksichtigung gegenseitiger R\u00fccksichtnahme<\/p>\n\n\n\n<hr class=\"wp-block-separator has-text-color has-black-500-color has-css-opacity has-black-500-background-color has-background is-style-wide\"\/>\n\n\n\n<h4 class=\"wp-block-heading\">Kontakt<\/h4>\n\n\n\n<p><a href=\"#\" data-unscramble=\"ed.nefohuen-eneurg@retniwa\">awinter@gruene-neuhofen.de<\/a><\/p>\n\n\n\n<p><a href=\"#\" data-unscramble=\"ed.plr-eneurg@nefohuen-vo\">ov-neuhofen@gruene-rlp.de<\/a><\/p>\n","protected":false},"excerpt":{"rendered":"<p>Politische Gremien: Wer bin ich? Was m\u00f6chte ich in Neuhofen bewegen? Seit 2019 bin ich Mitglied im Gemeinderat von Neuhofen. Mir liegen vor allem gute Bildungschancen mit durchdachten p\u00e4dagogischen Konzepten\u2026<\/p>\n","protected":false},"author":2,"featured_media":0,"parent":31,"menu_order":0,"comment_status":"closed","ping_status":"closed","template":"","meta":{"footnotes":""},"_links":{"self":[{"href":"https:\/\/gruene-neuhofen.de\/index.php?rest_route=\/wp\/v2\/pages\/176"}],"collection":[{"href":"https:\/\/gruene-neuhofen.de\/index.php?rest_route=\/wp\/v2\/pages"}],"about":[{"href":"https:\/\/gruene-neuhofen.de\/index.php?rest_route=\/wp\/v2\/types\/page"}],"author":[{"embeddable":true,"href":"https:\/\/gruene-neuhofen.de\/index.php?rest_route=\/wp\/v2\/users\/2"}],"replies":[{"embeddable":true,"href":"https:\/\/gruene-neuhofen.de\/index.php?rest_route=%2Fwp%2Fv2%2Fcomments&post=176"}],"version-history":[{"count":23,"href":"https:\/\/gruene-neuhofen.de\/index.php?rest_route=\/wp\/v2\/pages\/176\/revisions"}],"predecessor-version":[{"id":1817,"href":"https:\/\/gruene-neuhofen.de\/index.php?rest_route=\/wp\/v2\/pages\/176\/revisions\/1817"}],"up":[{"embeddable":true,"href":"https:\/\/gruene-neuhofen.de\/index.php?rest_route=\/wp\/v2\/pages\/31"}],"wp:attachment":[{"href":"https:\/\/gruene-neuhofen.de\/index.php?rest_route=%2Fwp%2Fv2%2Fmedia&parent=176"}],"curies":[{"name":"wp","href":"https:\/\/api.w.org\/{rel}","templated":true}]}}