{"id":1545,"date":"2024-09-29T18:19:41","date_gmt":"2024-09-29T16:19:41","guid":{"rendered":"https:\/\/gruene-neuhofen.de\/?page_id=1545"},"modified":"2025-06-05T10:22:22","modified_gmt":"2025-06-05T08:22:22","slug":"hans-ewald-bickelmann-frey-beisitzer","status":"publish","type":"page","link":"https:\/\/gruene-neuhofen.de\/?page_id=1545","title":{"rendered":"Hans Ewald Bickelmann-Frey"},"content":{"rendered":"\n<div class=\"wp-block-columns is-layout-flex wp-container-core-columns-layout-1 wp-block-columns-is-layout-flex\">\n<div class=\"wp-block-column is-layout-flow wp-block-column-is-layout-flow\">\n<figure class=\"wp-block-image size-large is-style-rounded\"><img loading=\"lazy\" decoding=\"async\" width=\"800\" height=\"718\" src=\"https:\/\/gruene-neuhofen.de\/wp-content\/uploads\/2024\/03\/Ewald-800x718.jpg\" alt=\"\" class=\"wp-image-1275\" srcset=\"https:\/\/gruene-neuhofen.de\/wp-content\/uploads\/2024\/03\/Ewald-800x718.jpg 800w, https:\/\/gruene-neuhofen.de\/wp-content\/uploads\/2024\/03\/Ewald-400x359.jpg 400w, https:\/\/gruene-neuhofen.de\/wp-content\/uploads\/2024\/03\/Ewald-768x690.jpg 768w, https:\/\/gruene-neuhofen.de\/wp-content\/uploads\/2024\/03\/Ewald-1536x1379.jpg 1536w, https:\/\/gruene-neuhofen.de\/wp-content\/uploads\/2024\/03\/Ewald-2048x1839.jpg 2048w\" sizes=\"(max-width: 800px) 100vw, 800px\" \/><\/figure>\n<\/div>\n\n\n\n<div class=\"wp-block-column is-layout-flow wp-block-column-is-layout-flow\">\n<div style=\"height:40px\" aria-hidden=\"true\" class=\"wp-block-spacer\"><\/div>\n\n\n\n<ul>\n<li>verheiratet<\/li>\n\n\n\n<li>eine erwachsene Tochter, zwei S\u00f6hne im Teenie-Alter<\/li>\n\n\n\n<li>Mitglied im \u201eV\u00e4teraufbruch f\u00fcr Kinder\u201c, im ADFC und im BUND<\/li>\n\n\n\n<li>Lehrer an einem Gymnasium in Speyer: Mathematik, Sozialkunde und Informatik<\/li>\n<\/ul>\n\n\n\n<div style=\"height:25px\" aria-hidden=\"true\" class=\"wp-block-spacer\"><\/div>\n\n\n\n<h2 class=\"wp-block-heading has-black-color has-text-color has-link-color has-medium-font-size wp-elements-b990cf0fc3c11febc7c747ccdcf3dfc7\">Mitglied in folgenden Aussch\u00fcssen:<\/h2>\n\n\n\n<ul>\n<li>Schultr\u00e4gerausschuss<\/li>\n<\/ul>\n<\/div>\n<\/div>\n\n\n\n<div style=\"height:20px\" aria-hidden=\"true\" class=\"wp-block-spacer\"><\/div>\n\n\n\n<hr class=\"wp-block-separator has-alpha-channel-opacity is-style-wide\"\/>\n\n\n\n<h2 class=\"wp-block-heading\">Ich engagiere mich politisch, weil &#8230;<\/h2>\n\n\n\n<ul>\n<li>dem Aufkommen von rechts-populistischen Gedankengut in den Parlamenten etwas entgegengesetzt werden muss.<\/li>\n\n\n\n<li>im Ortsgemeinderat zu wenig hinterfragt wird: wo bleiben die PV-Anlagen auf der Schule und dem Neuen Hof?<\/li>\n<\/ul>\n\n\n\n<p>Politisch interessiert bin ich schon immer \u2013 sonst h\u00e4tte ich etwas anderes studiert. Aber erst das Aufkommen von rechts-populistischen Gedankengut in den Parlamenten hat mich dazu gebracht, bei B90\/DIE GR\u00dcNEN einzutreten.<\/p>\n\n\n\n<p>Neuhofen braucht eine starke gr\u00fcne Vertretung im Gemeinderat: Klimaschutz beginnt nun mal vor Ort. Die vielen gro\u00dfen Projekte machen mir Sorgen, weil unser Ort seinen Charakter verlieren k\u00f6nnte: ein gigantisches Gewerbegebiet wurde zum Gl\u00fcck abgelehnt. Nur die Gr\u00fcnen waren dagegen \u2013 und behalten damit Recht, hoffentlich auch in Zukunft.<\/p>\n\n\n\n<hr class=\"wp-block-separator has-alpha-channel-opacity is-style-wide\"\/>\n\n\n\n<h2 class=\"wp-block-heading\">Kontakt<\/h2>\n\n\n\n<p><a href=\"#\" data-unscramble=\"ed.nefohuen-eneurg@nnamlekcibeh\">hebickelmann@gruene-neuhofen.de<\/a><\/p>\n","protected":false},"excerpt":{"rendered":"<p>Mitglied in folgenden Aussch\u00fcssen: Ich engagiere mich politisch, weil &#8230; Politisch interessiert bin ich schon immer  sonst h\u00e4tte ich etwas anderes studiert. Aber erst das Aufkommen von rechts-populistischen Gedankengut\u2026<\/p>\n","protected":false},"author":4,"featured_media":0,"parent":31,"menu_order":0,"comment_status":"closed","ping_status":"closed","template":"","meta":{"footnotes":""},"_links":{"self":[{"href":"https:\/\/gruene-neuhofen.de\/index.php?rest_route=\/wp\/v2\/pages\/1545"}],"collection":[{"href":"https:\/\/gruene-neuhofen.de\/index.php?rest_route=\/wp\/v2\/pages"}],"about":[{"href":"https:\/\/gruene-neuhofen.de\/index.php?rest_route=\/wp\/v2\/types\/page"}],"author":[{"embeddable":true,"href":"https:\/\/gruene-neuhofen.de\/index.php?rest_route=\/wp\/v2\/users\/4"}],"replies":[{"embeddable":true,"href":"https:\/\/gruene-neuhofen.de\/index.php?rest_route=%2Fwp%2Fv2%2Fcomments&post=1545"}],"version-history":[{"count":11,"href":"https:\/\/gruene-neuhofen.de\/index.php?rest_route=\/wp\/v2\/pages\/1545\/revisions"}],"predecessor-version":[{"id":1826,"href":"https:\/\/gruene-neuhofen.de\/index.php?rest_route=\/wp\/v2\/pages\/1545\/revisions\/1826"}],"up":[{"embeddable":true,"href":"https:\/\/gruene-neuhofen.de\/index.php?rest_route=\/wp\/v2\/pages\/31"}],"wp:attachment":[{"href":"https:\/\/gruene-neuhofen.de\/index.php?rest_route=%2Fwp%2Fv2%2Fmedia&parent=1545"}],"curies":[{"name":"wp","href":"https:\/\/api.w.org\/{rel}","templated":true}]}}