{"id":1288,"date":"2024-03-16T20:48:12","date_gmt":"2024-03-16T19:48:12","guid":{"rendered":"https:\/\/gruene-neuhofen.de\/?page_id=1288"},"modified":"2024-10-16T10:50:35","modified_gmt":"2024-10-16T08:50:35","slug":"jens-dreyer-listenplatz-6","status":"publish","type":"page","link":"https:\/\/gruene-neuhofen.de\/?page_id=1288","title":{"rendered":"Jens Dreyer"},"content":{"rendered":"\n<div class=\"wp-block-columns is-layout-flex wp-container-core-columns-layout-1 wp-block-columns-is-layout-flex\">\n<div class=\"wp-block-column is-layout-flow wp-block-column-is-layout-flow\">\n<figure class=\"wp-block-image size-large is-style-rounded\"><img loading=\"lazy\" decoding=\"async\" width=\"800\" height=\"827\" src=\"https:\/\/gruene-neuhofen.de\/wp-content\/uploads\/2024\/03\/Bild_Jens-o3-800x827.jpg\" alt=\"\" class=\"wp-image-1279\" srcset=\"https:\/\/gruene-neuhofen.de\/wp-content\/uploads\/2024\/03\/Bild_Jens-o3-800x827.jpg 800w, https:\/\/gruene-neuhofen.de\/wp-content\/uploads\/2024\/03\/Bild_Jens-o3-400x413.jpg 400w, https:\/\/gruene-neuhofen.de\/wp-content\/uploads\/2024\/03\/Bild_Jens-o3-768x794.jpg 768w, https:\/\/gruene-neuhofen.de\/wp-content\/uploads\/2024\/03\/Bild_Jens-o3.jpg 1098w\" sizes=\"(max-width: 800px) 100vw, 800px\" \/><\/figure>\n\n\n\n<div style=\"height:20px\" aria-hidden=\"true\" class=\"wp-block-spacer\"><\/div>\n<\/div>\n\n\n\n<div class=\"wp-block-column is-layout-flow wp-block-column-is-layout-flow\">\n<div style=\"height:50px\" aria-hidden=\"true\" class=\"wp-block-spacer\"><\/div>\n\n\n\n<ul id=\"block-6f9342e5-41bc-48e4-ad31-91c4679737cc\">\n<li>1992 geboren und in Neuhofen aufgewachsen<\/li>\n\n\n\n<li>verheiratet, zwei Kinder im Kleinkindalter<\/li>\n\n\n\n<li>seit 1999 Mitglied bei der TuS Neuhofen und als Spieler, Trainer und Jugendleiter in der Handballabteilung ehrenamtlich engagiert.<\/li>\n\n\n\n<li>Als Operations Manager arbeite ich f\u00fcr den Pumpenhersteller KSB in Frankenthal<\/li>\n<\/ul>\n\n\n\n<div style=\"height:20px\" aria-hidden=\"true\" class=\"wp-block-spacer\"><\/div>\n\n\n\n<h2 class=\"wp-block-heading has-black-color has-text-color has-link-color has-medium-font-size wp-elements-b990cf0fc3c11febc7c747ccdcf3dfc7\">Mitglied in folgenden Aussch\u00fcssen:<\/h2>\n\n\n\n<ul>\n<li>Mitglied im Kindertagesst\u00e4ttenausschuss<\/li>\n<\/ul>\n<\/div>\n<\/div>\n\n\n\n<hr class=\"wp-block-separator has-alpha-channel-opacity\"\/>\n\n\n\n<h2 class=\"wp-block-heading\"><strong>Warum habe ich mich daf\u00fcr entschieden, mich politisch zu engagieren?<\/strong><\/h2>\n\n\n\n<ul>\n<li><strong>Politik f\u00fcr alle greifbar machen: Politik hei\u00dft mitmachen!<\/strong> Aktuelle Bestrebungen gegen demokratische Strukturen haben mich dazu bewegt, mich politisch zu engagieren. Ich bin der festen \u00dcberzeugung, dass politische Prozesse transparent sein sollten und B\u00fcrger*innen aktiv einbezogen werden m\u00fcssen. Die Ideen und Kreativit\u00e4t aller Menschen sollten genutzt werden, um Neuhofen voranzubringen.<\/li>\n\n\n\n<li><strong>Prozesse beschleunigen und digitalisieren: Erfahrung einbringen<\/strong> Meine berufliche Erfahrung m\u00f6chte ich nutzen, um die Digitalisierung in Neuhofen voranzutreiben. Mein Ziel ist es, einfache und schnelle Verwaltungsabl\u00e4ufe zum Wohl aller B\u00fcrger zu schaffen. Entscheidungsprozesse sollen beschleunigt und positive Ver\u00e4nderungen z\u00fcgiger vorangetrieben werden.<\/li>\n\n\n\n<li><strong>Eine sichere und lebenswerte Zukunft f\u00fcr meine Familie und mich<\/strong> F\u00fcr mich ist es wichtig, dass Neuhofen eine sichere Umgebung bietet, insbesondere f\u00fcr unsere Kleinsten. Dazu geh\u00f6ren sichere Verkehrswege sowie ein qualitativ hochwertiges Betreuungsangebot im Kindergarten und an der Rehbachschule. Gleichzeitig setze ich mich f\u00fcr lokalen Klimaschutz ein und strebe einen nachhaltigen Ausbau der Infrastruktur an, ohne die n\u00e4chste Generation zu belasten.<\/li>\n<\/ul>\n","protected":false},"excerpt":{"rendered":"<p>Mitglied in folgenden Aussch\u00fcssen: Warum habe ich mich daf\u00fcr entschieden, mich politisch zu engagieren?<\/p>\n","protected":false},"author":4,"featured_media":0,"parent":31,"menu_order":2,"comment_status":"closed","ping_status":"closed","template":"","meta":{"footnotes":""},"_links":{"self":[{"href":"https:\/\/gruene-neuhofen.de\/index.php?rest_route=\/wp\/v2\/pages\/1288"}],"collection":[{"href":"https:\/\/gruene-neuhofen.de\/index.php?rest_route=\/wp\/v2\/pages"}],"about":[{"href":"https:\/\/gruene-neuhofen.de\/index.php?rest_route=\/wp\/v2\/types\/page"}],"author":[{"embeddable":true,"href":"https:\/\/gruene-neuhofen.de\/index.php?rest_route=\/wp\/v2\/users\/4"}],"replies":[{"embeddable":true,"href":"https:\/\/gruene-neuhofen.de\/index.php?rest_route=%2Fwp%2Fv2%2Fcomments&post=1288"}],"version-history":[{"count":6,"href":"https:\/\/gruene-neuhofen.de\/index.php?rest_route=\/wp\/v2\/pages\/1288\/revisions"}],"predecessor-version":[{"id":1588,"href":"https:\/\/gruene-neuhofen.de\/index.php?rest_route=\/wp\/v2\/pages\/1288\/revisions\/1588"}],"up":[{"embeddable":true,"href":"https:\/\/gruene-neuhofen.de\/index.php?rest_route=\/wp\/v2\/pages\/31"}],"wp:attachment":[{"href":"https:\/\/gruene-neuhofen.de\/index.php?rest_route=%2Fwp%2Fv2%2Fmedia&parent=1288"}],"curies":[{"name":"wp","href":"https:\/\/api.w.org\/{rel}","templated":true}]}}