{"id":1163,"date":"2024-03-03T15:36:22","date_gmt":"2024-03-03T14:36:22","guid":{"rendered":"https:\/\/gruene-neuhofen.de\/?page_id=1163"},"modified":"2024-03-03T15:36:22","modified_gmt":"2024-03-03T14:36:22","slug":"gemeinsam-fuer-eine-gute-ortsentwicklung-in-neuhofen","status":"publish","type":"page","link":"https:\/\/gruene-neuhofen.de\/?page_id=1163","title":{"rendered":"Gemeinsam f\u00fcr eine gute Ortsentwicklung in Neuhofen"},"content":{"rendered":"\n<p>F\u00fcr B\u00dcNDNIS 90\/DIE GR\u00dcNEN ist die Schaffung von bezahlbarem Wohnraum und eine an Lebensqualit\u00e4t<br>ausgerichtete Bauplanung sehr wichtig. Wir in Neuhofen tragen zur Energiewende bei und sind uns<br>dabei immer bewusst, dass es f\u00fcr alle B\u00fcrger*innen zu Ver\u00e4nderungen kommt. Wir wollen diesen<br>Weg gemeinsam mit Ihnen gehen.<\/p>\n\n\n\n<div style=\"height:16px\" aria-hidden=\"true\" class=\"wp-block-spacer\"><\/div>\n\n\n\n<p><strong>Wir setzen uns ein f\u00fcr:<\/strong><\/p>\n\n\n\n<p><\/p>\n\n\n\n<ul>\n<li><strong>soziale \u2013 nachhaltige \u2013 zukunftsf\u00e4hige Baupolitik<\/strong> und bedarfsgerechte Infrastruktur<\/li>\n\n\n\n<li><strong>sozialen Wohnungsbau<\/strong><\/li>\n\n\n\n<li><strong>inner\u00f6rtliche Bebauung und Nutzung von Leerst\u00e4nden<\/strong>, um eine weitere<br>Fl\u00e4chenversiegelung zu vermeiden<\/li>\n\n\n\n<li><strong>warme Wohnungen \u2013 Klima sch\u00fctzen<\/strong><br>W\u00e4rmewende bedarfsgerecht gestalten \u2013 Klarheit f\u00fcr die Menschen schaffen<\/li>\n\n\n\n<li><strong>Erneuerbare Energie erzeugen<\/strong> mit Photovoltaik, Erdw\u00e4rme und Windkraft.<\/li>\n<\/ul>\n\n\n\n<p><strong>Wenn Sie Fragen oder Anregungen haben, wenden Sie sich gerne an uns.<\/strong><\/p>\n\n\n\n<p><br><\/p>\n","protected":false},"excerpt":{"rendered":"<p>F\u00fcr B\u00dcNDNIS 90\/DIE GR\u00dcNEN ist die Schaffung von bezahlbarem Wohnraum und eine an Lebensqualit\u00e4tausgerichtete Bauplanung sehr wichtig. Wir in Neuhofen tragen zur Energiewende bei und sind unsdabei immer bewusst, dass\u2026<\/p>\n","protected":false},"author":4,"featured_media":1199,"parent":33,"menu_order":0,"comment_status":"closed","ping_status":"closed","template":"","meta":{"footnotes":""},"_links":{"self":[{"href":"https:\/\/gruene-neuhofen.de\/index.php?rest_route=\/wp\/v2\/pages\/1163"}],"collection":[{"href":"https:\/\/gruene-neuhofen.de\/index.php?rest_route=\/wp\/v2\/pages"}],"about":[{"href":"https:\/\/gruene-neuhofen.de\/index.php?rest_route=\/wp\/v2\/types\/page"}],"author":[{"embeddable":true,"href":"https:\/\/gruene-neuhofen.de\/index.php?rest_route=\/wp\/v2\/users\/4"}],"replies":[{"embeddable":true,"href":"https:\/\/gruene-neuhofen.de\/index.php?rest_route=%2Fwp%2Fv2%2Fcomments&post=1163"}],"version-history":[{"count":10,"href":"https:\/\/gruene-neuhofen.de\/index.php?rest_route=\/wp\/v2\/pages\/1163\/revisions"}],"predecessor-version":[{"id":1203,"href":"https:\/\/gruene-neuhofen.de\/index.php?rest_route=\/wp\/v2\/pages\/1163\/revisions\/1203"}],"up":[{"embeddable":true,"href":"https:\/\/gruene-neuhofen.de\/index.php?rest_route=\/wp\/v2\/pages\/33"}],"wp:featuredmedia":[{"embeddable":true,"href":"https:\/\/gruene-neuhofen.de\/index.php?rest_route=\/wp\/v2\/media\/1199"}],"wp:attachment":[{"href":"https:\/\/gruene-neuhofen.de\/index.php?rest_route=%2Fwp%2Fv2%2Fmedia&parent=1163"}],"curies":[{"name":"wp","href":"https:\/\/api.w.org\/{rel}","templated":true}]}}